{"id":6397,"date":"2024-01-13T13:27:40","date_gmt":"2024-01-13T12:27:40","guid":{"rendered":"https:\/\/www.mirlashes.com\/?page_id=6397"},"modified":"2024-01-13T13:37:39","modified_gmt":"2024-01-13T12:37:39","slug":"mentions-legales","status":"publish","type":"page","link":"https:\/\/www.mirlashes.com\/?page_id=6397","title":{"rendered":"Mentions l\u00e9gales"},"content":{"rendered":"\t\t<div data-elementor-type=\"wp-page\" data-elementor-id=\"6397\" class=\"elementor elementor-6397\">\n\t\t\t\t<div class=\"elementor-element elementor-element-534bf6c e-flex e-con-boxed e-con e-parent\" data-id=\"534bf6c\" data-element_type=\"container\">\n\t\t\t\t\t<div class=\"e-con-inner\">\n\t\t\t\t<div class=\"elementor-element elementor-element-6c4f35b elementor-widget elementor-widget-text-editor\" data-id=\"6c4f35b\" data-element_type=\"widget\" data-widget_type=\"text-editor.default\">\n\t\t\t\t<div class=\"elementor-widget-container\">\n\t\t\t\t\t\t\t\t\t<p class=\"p1\"><strong>Edition<\/strong><br \/>Mirlashes<br \/><b>Botnari Marta <br \/><\/b>+33 6 19 93 54 19<\/p><p class=\"p1\"><strong>H\u00e9bergeur<\/strong><br \/>O2SWITCH<br \/>https:\/\/www.o2switch.fr\/<br \/>222 Bd Gustave Flaubert, 63000 Clermont-Ferrand<br \/>Tel : 04 44 44 60 40<\/p><p class=\"p1\"><strong>Directeur de la publication<\/strong><br \/>Botnari Marta<\/p><p class=\"p1\"><strong>Conception et r\u00e9alisation<\/strong><br \/>Safe Design FR<br \/>contact@safe-design.fr<\/p><p class=\"p1\"><strong>Credit Photos<\/strong><\/p><p class=\"p1\"><strong>Droit applicable<\/strong><br \/>Le Site et les pr\u00e9sentes mentions l\u00e9gales sont soumis au droit fran\u00e7ais.<\/p><p class=\"p1\">Droits de propri\u00e9t\u00e9 intellectuelle attach\u00e9s au Site. Le Site est une \u0153uvre de l\u2019esprit prot\u00e9g\u00e9e par le droit de la propri\u00e9t\u00e9 intellectuelle. Le Site et chacun des \u00e9l\u00e9ments qui le composent (tels que marques, logos, photographies, images, illustrations, textes, clips vid\u00e9o\u2026) sont la propri\u00e9t\u00e9 exclusive de la MIRLASHES, seule habilit\u00e9e \u00e0 utiliser les droits de propri\u00e9t\u00e9 intellectuelle et droits de la personnalit\u00e9 y aff\u00e9rents, celle-ci ne conc\u00e9dant aucune licence, ni aucun autre droit que celui de consulter le site.<br \/>La reproduction de tous documents publi\u00e9s sur le site est seulement autoris\u00e9e aux fins exclusives d\u2019information pour un usage strictement personnel et priv\u00e9. Toute reproduction ou repr\u00e9sentation, int\u00e9grale ou partielle, du site, ou de l\u2019un quelconque des \u00e9l\u00e9ments qui le composent, sur quelque support que ce soit, et sous quelque forme que ce soit, \u00e0 d\u2019autres fins, et notamment commerciales, est express\u00e9ment interdite.<br \/>Toute demande d\u2019autorisation doit \u00eatre adress\u00e9e \u00e0 l\u2019adresse suivante : MIRLASHES. Toute utilisation non autoris\u00e9e constitue une contrefa\u00e7on sanctionn\u00e9e p\u00e9nalement.<\/p><p class=\"p1\"><strong>Utilisation du site<\/strong><br \/>MIRLASHES s\u2019efforce de mettre \u00e0 jour le contenu du Site et de d\u00e9livrer aux Utilisateurs des informations exactes. Toutefois, la MIRLASHES ne peut garantir l\u2019exactitude, la pr\u00e9cision ou l\u2019exhaustivit\u00e9 des donn\u00e9es figurant sur le Site. MIRLASHES \u00a0d\u00e9cline toute responsabilit\u00e9 pour toute inexactitude ou omission portant sur des donn\u00e9es disponibles sur le Site ainsi que pour tous dommages r\u00e9sultant d\u2019une intrusion frauduleuse d\u2019un tiers ayant entra\u00een\u00e9 une modification des dites donn\u00e9es. Toute erreur ou omission devra \u00eatre notifi\u00e9e \u00e0 l\u2019adresse suivante : MIRLASHES<\/p><p class=\"p1\"><strong>Acc\u00e8s au Site<\/strong><br \/>MIRLASHES s\u2019efforce de maintenir accessible le Site, sans pour autant \u00eatre tenue \u00e0 aucune obligation d\u2019y parvenir. Il est pr\u00e9cis\u00e9 qu\u2019\u00e0 des fins de maintenance, de mise \u00e0 jour, et pour toute autre raison notamment d\u2019ordre technique, l\u2019acc\u00e8s au Site pourra \u00eatre interrompu. MIRLASHES n\u2019est en aucun cas responsable de ces interruptions et des cons\u00e9quences qui peuvent en d\u00e9couler pour l\u2019Utilisateur.<\/p><p class=\"p1\"><strong>Donn\u00e9es nominatives<\/strong><br \/>MIRLASHES pourra \u00eatre amen\u00e9s \u00e0 collecter des donn\u00e9es personnelles concernant l\u2019Utilisateur (newsletter, contact, inscriptions,\u2026). Conform\u00e9ment aux dispositions de la loi n\u00b0 78-17 du 6 janvier 1978 relative \u00e0 l\u2019informatique, aux fichiers et aux libert\u00e9s, l\u2019Utilisateur est inform\u00e9 qu\u2019il dispose d\u2019un droit d\u2019acc\u00e8s, de rectification et de suppression des donn\u00e9es personnelles le concernant. Pour exercer ce droit, l\u2019Utilisateur doit adresser une lettre \u00e0 l\u2019adresse suivante : MIRLASHES, sauf opposition de la part de l\u2019Utilisateur, MIRLASHES pourra \u00eatre amen\u00e9e \u00e0 transf\u00e9rer des donn\u00e9es le concernant \u00e0 ses partenaires.<\/p><p class=\"p1\">Copyright \u00a9 MIRLASHES<\/p>\t\t\t\t\t\t\t\t<\/div>\n\t\t\t\t<\/div>\n\t\t\t\t\t<\/div>\n\t\t\t\t<\/div>\n\t\t\t\t<\/div>\n\t\t","protected":false},"excerpt":{"rendered":"<p>EditionMirlashesBotnari Marta +33 6 19 93 54 19 H\u00e9bergeurO2SWITCHhttps:\/\/www.o2switch.fr\/222 Bd Gustave Flaubert, 63000 Clermont-FerrandTel : 04 44 44 60 40 Directeur de la publicationBotnari Marta Conception et r\u00e9alisationSafe Design FRcontact@safe-design.fr Credit Photos Droit applicableLe Site et les pr\u00e9sentes mentions l\u00e9gales sont soumis au droit fran\u00e7ais. Droits de propri\u00e9t\u00e9 intellectuelle attach\u00e9s au Site. Le Site est [&hellip;]<\/p>\n","protected":false},"author":1,"featured_media":0,"parent":0,"menu_order":0,"comment_status":"closed","ping_status":"closed","template":"","meta":{"footnotes":""},"class_list":["post-6397","page","type-page","status-publish","hentry"],"yoast_head":"<!-- This site is optimized with the Yoast SEO plugin v26.0 - https:\/\/yoast.com\/wordpress\/plugins\/seo\/ -->\n<title>Mentions l\u00e9gales - Mirlashes<\/title>\n<meta name=\"robots\" content=\"index, follow, max-snippet:-1, max-image-preview:large, max-video-preview:-1\" \/>\n<link rel=\"canonical\" href=\"https:\/\/www.mirlashes.com\/?page_id=6397\" \/>\n<meta property=\"og:locale\" content=\"fr_FR\" \/>\n<meta property=\"og:type\" content=\"article\" \/>\n<meta property=\"og:title\" content=\"Mentions l\u00e9gales - Mirlashes\" \/>\n<meta property=\"og:description\" content=\"EditionMirlashesBotnari Marta +33 6 19 93 54 19 H\u00e9bergeurO2SWITCHhttps:\/\/www.o2switch.fr\/222 Bd Gustave Flaubert, 63000 Clermont-FerrandTel : 04 44 44 60 40 Directeur de la publicationBotnari Marta Conception et r\u00e9alisationSafe Design FRcontact@safe-design.fr Credit Photos Droit applicableLe Site et les pr\u00e9sentes mentions l\u00e9gales sont soumis au droit fran\u00e7ais. Droits de propri\u00e9t\u00e9 intellectuelle attach\u00e9s au Site. Le Site est [&hellip;]\" \/>\n<meta property=\"og:url\" content=\"https:\/\/www.mirlashes.com\/?page_id=6397\" \/>\n<meta property=\"og:site_name\" content=\"Mirlashes\" \/>\n<meta property=\"article:modified_time\" content=\"2024-01-13T12:37:39+00:00\" \/>\n<meta name=\"twitter:card\" content=\"summary_large_image\" \/>\n<meta name=\"twitter:label1\" content=\"Dur\u00e9e de lecture estim\u00e9e\" \/>\n\t<meta name=\"twitter:data1\" content=\"3 minutes\" \/>\n<script type=\"application\/ld+json\" class=\"yoast-schema-graph\">{\"@context\":\"https:\/\/schema.org\",\"@graph\":[{\"@type\":\"WebPage\",\"@id\":\"https:\/\/www.mirlashes.com\/?page_id=6397\",\"url\":\"https:\/\/www.mirlashes.com\/?page_id=6397\",\"name\":\"Mentions l\u00e9gales - Mirlashes\",\"isPartOf\":{\"@id\":\"https:\/\/www.mirlashes.com\/#website\"},\"datePublished\":\"2024-01-13T12:27:40+00:00\",\"dateModified\":\"2024-01-13T12:37:39+00:00\",\"breadcrumb\":{\"@id\":\"https:\/\/www.mirlashes.com\/?page_id=6397#breadcrumb\"},\"inLanguage\":\"fr-FR\",\"potentialAction\":[{\"@type\":\"ReadAction\",\"target\":[\"https:\/\/www.mirlashes.com\/?page_id=6397\"]}]},{\"@type\":\"BreadcrumbList\",\"@id\":\"https:\/\/www.mirlashes.com\/?page_id=6397#breadcrumb\",\"itemListElement\":[{\"@type\":\"ListItem\",\"position\":1,\"name\":\"Accueil\",\"item\":\"https:\/\/www.mirlashes.com\/\"},{\"@type\":\"ListItem\",\"position\":2,\"name\":\"Mentions l\u00e9gales\"}]},{\"@type\":\"WebSite\",\"@id\":\"https:\/\/www.mirlashes.com\/#website\",\"url\":\"https:\/\/www.mirlashes.com\/\",\"name\":\"Mirlashes\",\"description\":\"Centre de beaut\u00e9 &amp; de formation 2 en 1  pratiquant l\u2019expertise dans la beaut\u00e9 du  regard et des l\u00e8vres\",\"potentialAction\":[{\"@type\":\"SearchAction\",\"target\":{\"@type\":\"EntryPoint\",\"urlTemplate\":\"https:\/\/www.mirlashes.com\/?s={search_term_string}\"},\"query-input\":{\"@type\":\"PropertyValueSpecification\",\"valueRequired\":true,\"valueName\":\"search_term_string\"}}],\"inLanguage\":\"fr-FR\"}]}<\/script>\n<!-- \/ Yoast SEO plugin. -->","yoast_head_json":{"title":"Mentions l\u00e9gales - Mirlashes","robots":{"index":"index","follow":"follow","max-snippet":"max-snippet:-1","max-image-preview":"max-image-preview:large","max-video-preview":"max-video-preview:-1"},"canonical":"https:\/\/www.mirlashes.com\/?page_id=6397","og_locale":"fr_FR","og_type":"article","og_title":"Mentions l\u00e9gales - Mirlashes","og_description":"EditionMirlashesBotnari Marta +33 6 19 93 54 19 H\u00e9bergeurO2SWITCHhttps:\/\/www.o2switch.fr\/222 Bd Gustave Flaubert, 63000 Clermont-FerrandTel : 04 44 44 60 40 Directeur de la publicationBotnari Marta Conception et r\u00e9alisationSafe Design FRcontact@safe-design.fr Credit Photos Droit applicableLe Site et les pr\u00e9sentes mentions l\u00e9gales sont soumis au droit fran\u00e7ais. Droits de propri\u00e9t\u00e9 intellectuelle attach\u00e9s au Site. Le Site est [&hellip;]","og_url":"https:\/\/www.mirlashes.com\/?page_id=6397","og_site_name":"Mirlashes","article_modified_time":"2024-01-13T12:37:39+00:00","twitter_card":"summary_large_image","twitter_misc":{"Dur\u00e9e de lecture estim\u00e9e":"3 minutes"},"schema":{"@context":"https:\/\/schema.org","@graph":[{"@type":"WebPage","@id":"https:\/\/www.mirlashes.com\/?page_id=6397","url":"https:\/\/www.mirlashes.com\/?page_id=6397","name":"Mentions l\u00e9gales - Mirlashes","isPartOf":{"@id":"https:\/\/www.mirlashes.com\/#website"},"datePublished":"2024-01-13T12:27:40+00:00","dateModified":"2024-01-13T12:37:39+00:00","breadcrumb":{"@id":"https:\/\/www.mirlashes.com\/?page_id=6397#breadcrumb"},"inLanguage":"fr-FR","potentialAction":[{"@type":"ReadAction","target":["https:\/\/www.mirlashes.com\/?page_id=6397"]}]},{"@type":"BreadcrumbList","@id":"https:\/\/www.mirlashes.com\/?page_id=6397#breadcrumb","itemListElement":[{"@type":"ListItem","position":1,"name":"Accueil","item":"https:\/\/www.mirlashes.com\/"},{"@type":"ListItem","position":2,"name":"Mentions l\u00e9gales"}]},{"@type":"WebSite","@id":"https:\/\/www.mirlashes.com\/#website","url":"https:\/\/www.mirlashes.com\/","name":"Mirlashes","description":"Centre de beaut\u00e9 &amp; de formation 2 en 1  pratiquant l\u2019expertise dans la beaut\u00e9 du  regard et des l\u00e8vres","potentialAction":[{"@type":"SearchAction","target":{"@type":"EntryPoint","urlTemplate":"https:\/\/www.mirlashes.com\/?s={search_term_string}"},"query-input":{"@type":"PropertyValueSpecification","valueRequired":true,"valueName":"search_term_string"}}],"inLanguage":"fr-FR"}]}},"_links":{"self":[{"href":"https:\/\/www.mirlashes.com\/index.php?rest_route=\/wp\/v2\/pages\/6397","targetHints":{"allow":["GET"]}}],"collection":[{"href":"https:\/\/www.mirlashes.com\/index.php?rest_route=\/wp\/v2\/pages"}],"about":[{"href":"https:\/\/www.mirlashes.com\/index.php?rest_route=\/wp\/v2\/types\/page"}],"author":[{"embeddable":true,"href":"https:\/\/www.mirlashes.com\/index.php?rest_route=\/wp\/v2\/users\/1"}],"replies":[{"embeddable":true,"href":"https:\/\/www.mirlashes.com\/index.php?rest_route=%2Fwp%2Fv2%2Fcomments&post=6397"}],"version-history":[{"count":10,"href":"https:\/\/www.mirlashes.com\/index.php?rest_route=\/wp\/v2\/pages\/6397\/revisions"}],"predecessor-version":[{"id":6428,"href":"https:\/\/www.mirlashes.com\/index.php?rest_route=\/wp\/v2\/pages\/6397\/revisions\/6428"}],"wp:attachment":[{"href":"https:\/\/www.mirlashes.com\/index.php?rest_route=%2Fwp%2Fv2%2Fmedia&parent=6397"}],"curies":[{"name":"wp","href":"https:\/\/api.w.org\/{rel}","templated":true}]}}